{"id":525,"date":"2026-03-13T13:50:25","date_gmt":"2026-03-13T13:50:25","guid":{"rendered":"https:\/\/sequencemarketing.ca\/blog\/"},"modified":"2026-03-25T17:01:13","modified_gmt":"2026-03-25T17:01:13","slug":"blog","status":"publish","type":"page","link":"https:\/\/sequencemarketing.ca\/fr\/blog\/","title":{"rendered":"Blog"},"content":{"rendered":"\r\n<style>\r\n    #text-936a2c p {\r\n        width: 100%;\r\n    }\r\n\r\n    #text-936a2c .header {\r\n        width: 100%;\r\n    }\r\n\r\n    @media (min-width: 1024px) {\r\n        #text-936a2c p {\r\n            width: 100%;\r\n        }\r\n        \r\n        #text-936a2c .header {\r\n            width: 100%;\r\n        }\r\n    }\r\n<\/style>\r\n<section id=\"work\"  >\r\n    <div id=\"text-936a2c\" class=\"section_intro section_intro__centre container\">\r\n                    <div class=\"header\">\r\n                <h2><span class=\"subheader\">Notre blog<\/span><span class=\"blue\">Con\u00e7u<\/span> pour <span class=\"blue\"> progresser.<\/span><\/h2>\n            <\/div>\r\n            <p  > Oubliez les actions isol\u00e9es. Ici, tout est une s\u00e9quence : de la ma\u00eetrise du num\u00e9rique au r\u00e9cit de marque, chaque pi\u00e8ce du casse-t\u00eate s\u2019encha\u00eene pour cr\u00e9er un succ\u00e8s concret et mesurable.<\/p>\r\n            <\/div>\r\n<\/section>\n\n\n<div class=\"wp-block-group container-small\"><div class=\"wp-block-group__inner-container is-layout-constrained wp-block-group-is-layout-constrained\">\n<section class=\"buckets the-blog-posts\" >\n\n\t\t\t<style>\n\t\t\t.buckets__blog-grid {\n\t\t\t\tdisplay: grid;\n\t\t\t\tgrid-template-columns: repeat(1, minmax(0, 1fr));\n\t\t\t\tgap: 2rem;\n\t\t\t}\n\n\t\t\t@media (min-width: 768px) {\n\t\t\t\t.buckets__blog-grid {\n\t\t\t\t\tgrid-template-columns: repeat(2, minmax(0, 1fr));\n\t\t\t\t}\n\t\t\t}\n\n\t\t\t@media (min-width: 1024px) {\n\t\t\t\t.buckets__blog-grid {\n\t\t\t\t\tgrid-template-columns: repeat(3, minmax(0, 1fr));\n\t\t\t\t}\n\t\t\t}\n\t\t<\/style>\n\n\t\t<div class=\"buckets__blog-grid\">\n\t\t\t\t\t\t\t\t\t\t\t<article class=\"buckets__blog-item\">\n\t\t\t\t\t<a href=\"https:\/\/sequencemarketing.ca\/fr\/blog\/30e-edition-de-la-soiree-dans-les-maritimes-dable2\/\" class=\"buckets__blog-link\">\n\t\t\t\t\t\t<figure>\n\t\t\t\t\t\t\t\t\t\t\t\t\t\t\t<img decoding=\"async\" src=\"https:\/\/sequencemarketing.ca\/app\/uploads\/2026\/04\/EiTM-2025-SequenceCoverBlue.jpg\" alt=\"S\u00e9quence Marketing est fi\u00e8re de renouveler son engagement \u00e0 titre de commanditaire m\u00e9dia pour la 30e \u00e9dition de la Soir\u00e9e dans les Maritimes d\u2019ABLE2\">\n\t\t\t\t\t\t\t\t\t\t\t\t\t\t<figcaption class=\"content\">\n\t\t\t\t\t\t\t\t<p>Chez S\u00e9quence Marketing, les partenariats durables sont au c\u0153ur de tout ce que nous faisons, particuli\u00e8rement ceux qui ont un&hellip;<\/p>\n\t\t\t\t\t\t\t\t<h3>S\u00e9quence Marketing est fi\u00e8re de renouveler son engagement \u00e0 titre de commanditaire m\u00e9dia pour la 30e \u00e9dition de la Soir\u00e9e dans les Maritimes d\u2019ABLE2<\/h3>\n\t\t\t\t\t\t\t<\/figcaption>\n\t\t\t\t\t\t<\/figure>\n\t\t\t\t\t<\/a>\n\t\t\t\t<\/article>\n\t\t\t\t\t\t\t\t\t\t\t<article class=\"buckets__blog-item\">\n\t\t\t\t\t<a href=\"https:\/\/sequencemarketing.ca\/fr\/blog\/marketing-numerique-vs-marketing-traditionnel\/\" class=\"buckets__blog-link\">\n\t\t\t\t\t\t<figure>\n\t\t\t\t\t\t\t\t\t\t\t\t\t\t\t<img decoding=\"async\" src=\"https:\/\/sequencemarketing.ca\/app\/uploads\/2024\/08\/billboards-lapensee-copy-1.jpg\" alt=\"Marketing Num\u00e9rique vs Marketing Traditionnel : Avez-vous vraiment besoin des deux ?\">\n\t\t\t\t\t\t\t\t\t\t\t\t\t\t<figcaption class=\"content\">\n\t\t\t\t\t\t\t\t<p>Depuis des ann\u00e9es, le marketing num\u00e9rique est le roi incontest\u00e9 pour g\u00e9n\u00e9rer du trafic imm\u00e9diat et des conversions. Mais chez&hellip;<\/p>\n\t\t\t\t\t\t\t\t<h3>Marketing Num\u00e9rique vs Marketing Traditionnel : Avez-vous vraiment besoin des deux ?<\/h3>\n\t\t\t\t\t\t\t<\/figcaption>\n\t\t\t\t\t\t<\/figure>\n\t\t\t\t\t<\/a>\n\t\t\t\t<\/article>\n\t\t\t\t\t<\/div>\n\n\t\n<\/section><\/div><\/div>\n","protected":false},"excerpt":{"rendered":"","protected":false},"author":1,"featured_media":0,"parent":0,"menu_order":0,"comment_status":"closed","ping_status":"closed","template":"","meta":{"_acf_changed":false,"footnotes":""},"class_list":["post-525","page","type-page","status-publish","hentry"],"acf":[],"_links":{"self":[{"href":"https:\/\/sequencemarketing.ca\/fr\/wp-json\/wp\/v2\/pages\/525"}],"collection":[{"href":"https:\/\/sequencemarketing.ca\/fr\/wp-json\/wp\/v2\/pages"}],"about":[{"href":"https:\/\/sequencemarketing.ca\/fr\/wp-json\/wp\/v2\/types\/page"}],"author":[{"embeddable":true,"href":"https:\/\/sequencemarketing.ca\/fr\/wp-json\/wp\/v2\/users\/1"}],"replies":[{"embeddable":true,"href":"https:\/\/sequencemarketing.ca\/fr\/wp-json\/wp\/v2\/comments?post=525"}],"version-history":[{"count":3,"href":"https:\/\/sequencemarketing.ca\/fr\/wp-json\/wp\/v2\/pages\/525\/revisions"}],"predecessor-version":[{"id":578,"href":"https:\/\/sequencemarketing.ca\/fr\/wp-json\/wp\/v2\/pages\/525\/revisions\/578"}],"wp:attachment":[{"href":"https:\/\/sequencemarketing.ca\/fr\/wp-json\/wp\/v2\/media?parent=525"}],"curies":[{"name":"wp","href":"https:\/\/api.w.org\/{rel}","templated":true}]}}