{"id":500,"date":"2025-10-21T17:19:39","date_gmt":"2025-10-21T17:19:39","guid":{"rendered":"https:\/\/sequencemarketing.ca\/thank-you\/"},"modified":"2025-10-21T17:26:57","modified_gmt":"2025-10-21T17:26:57","slug":"thank-you","status":"publish","type":"page","link":"https:\/\/sequencemarketing.ca\/fr\/thank-you\/","title":{"rendered":"Thank You"},"content":{"rendered":"\n<div style=\"height:50px\" aria-hidden=\"true\" class=\"wp-block-spacer\"><\/div>\n\n\n\n<p class=\"has-text-align-center\"><strong>Merci d&#8217;avoir postul\u00e9 !\u00a0<\/strong><br>Nous avons bien re\u00e7u vos documents. Notre \u00e9quipe examinera toutes les candidatures et nous contacterons uniquement les personnes s\u00e9lectionn\u00e9es pour une entrevue. Nous appr\u00e9cions vraiment votre int\u00e9r\u00eat \u00e0 vous joindre \u00e0 l\u2019\u00e9quipe de S\u00e9quence Marketing !<\/p>\n\n\n\n<div style=\"height:50px\" aria-hidden=\"true\" class=\"wp-block-spacer\"><\/div>\n","protected":false},"excerpt":{"rendered":"<p>Merci d&#8217;avoir postul\u00e9 !\u00a0Nous avons bien re\u00e7u vos documents. Notre \u00e9quipe examinera toutes les candidatures et nous contacterons uniquement les personnes s\u00e9lectionn\u00e9es pour une entrevue. Nous appr\u00e9cions vraiment votre int\u00e9r\u00eat \u00e0 vous joindre \u00e0 l\u2019\u00e9quipe de S\u00e9quence Marketing !<\/p>\n","protected":false},"author":1,"featured_media":0,"parent":0,"menu_order":0,"comment_status":"closed","ping_status":"closed","template":"","meta":{"_acf_changed":false,"footnotes":""},"class_list":["post-500","page","type-page","status-publish","hentry"],"acf":[],"_links":{"self":[{"href":"https:\/\/sequencemarketing.ca\/fr\/wp-json\/wp\/v2\/pages\/500"}],"collection":[{"href":"https:\/\/sequencemarketing.ca\/fr\/wp-json\/wp\/v2\/pages"}],"about":[{"href":"https:\/\/sequencemarketing.ca\/fr\/wp-json\/wp\/v2\/types\/page"}],"author":[{"embeddable":true,"href":"https:\/\/sequencemarketing.ca\/fr\/wp-json\/wp\/v2\/users\/1"}],"replies":[{"embeddable":true,"href":"https:\/\/sequencemarketing.ca\/fr\/wp-json\/wp\/v2\/comments?post=500"}],"version-history":[{"count":2,"href":"https:\/\/sequencemarketing.ca\/fr\/wp-json\/wp\/v2\/pages\/500\/revisions"}],"predecessor-version":[{"id":502,"href":"https:\/\/sequencemarketing.ca\/fr\/wp-json\/wp\/v2\/pages\/500\/revisions\/502"}],"wp:attachment":[{"href":"https:\/\/sequencemarketing.ca\/fr\/wp-json\/wp\/v2\/media?parent=500"}],"curies":[{"name":"wp","href":"https:\/\/api.w.org\/{rel}","templated":true}]}}