{"id":175,"date":"2024-06-17T11:32:04","date_gmt":"2024-06-17T11:32:04","guid":{"rendered":"https:\/\/sequencemarketing.ca\/?page_id=175"},"modified":"2026-03-13T18:27:21","modified_gmt":"2026-03-13T18:27:21","slug":"home","status":"publish","type":"page","link":"https:\/\/sequencemarketing.ca\/fr\/","title":{"rendered":"Home"},"content":{"rendered":"\r\n<section class=\"hero\">\r\n    <div class=\"content\">\r\n    <\/div>\r\n    <div class=\"text container\">\r\n        <h1>Votre <span class=\"blue\">d\u00e9partement marketing.<\/span><\/h1>\n<p>En tant qu&#8217;agence de services complets, nous g\u00e9rons vos besoins marketing de la conception \u00e0 la r\u00e9alisation : tout, des conventions de d\u00e9nomination, des logos et des normes de marque \u00e0 l&#8217;ex\u00e9cution m\u00e9diatique et au suivi de l&#8217;attribution.<\/p>\n<p>Nous nous int\u00e9grons parfaitement comme une extension de votre \u00e9quipe, fonctionnant comme votre d\u00e9partement marketing d\u00e9di\u00e9. Notre objectif est uniquement votre succ\u00e8s, guid\u00e9 par les r\u00e9sultats. Notre priorit\u00e9 absolue est de garantir que votre investissement marketing g\u00e9n\u00e8re des r\u00e9sultats tangibles. Fixez vos objectifs et nous nous assurerons que vous les atteignez !<\/p>\n         <a class=\"sequence-cta\"  @click=\"$event.preventDefault(); isFormModalOpen = !isFormModalOpen; openMenu = false\" \">Collaborons<\/a>     <\/div>\r\n    <div class=\"image\">\r\n        <img decoding=\"async\" src=\"https:\/\/sequencemarketing.ca\/app\/uploads\/2024\/08\/sequence-entrance-latest.jpg\">\r\n    <\/div>\r\n<\/section>\n\n\r\n<style>\r\n    #text-be24b8 p {\r\n        width: 100%;\r\n    }\r\n\r\n    #text-be24b8 .header {\r\n        width: 100%;\r\n    }\r\n\r\n    @media (min-width: 1024px) {\r\n        #text-be24b8 p {\r\n            width: 44%;\r\n        }\r\n        \r\n        #text-be24b8 .header {\r\n            width: 52%;\r\n        }\r\n    }\r\n<\/style>\r\n<section id=\"services\"  >\r\n    <div id=\"text-be24b8\" class=\"section_intro section_intro__left container\">\r\n                    <div class=\"header\">\r\n                <h2><span class=\"subheader\">Services<\/span>Strat\u00e9gie<span class=\"blue\">.<\/span> Branding<span class=\"blue\">.<\/span> Design<span class=\"blue\">.<\/span> Web<span class=\"blue\">.<\/span> Digital<span class=\"blue\">.<\/span> Social<span class=\"blue\">.<\/span> SEO<span class=\"blue\">.<\/span> <\/h2>\n            <\/div>\r\n            <p  > L&#8217;\u00e9quipe de S\u00e9quence Marketing g\u00e8re tout, de la recherche \u00e0 la planification strat\u00e9gique, au d\u00e9ploiement et \u00e0 la gestion de campagnes sur diverses plateformes, y compris les m\u00e9dias num\u00e9riques (Google, Meta, LinkedIn) et les m\u00e9dias traditionnels (radio, t\u00e9l\u00e9vision, affichage).<\/p>\r\n            <\/div>\r\n<\/section>\n\n\n<section class=\"buckets\" x-data=\"{ serviceBuckets: false }\" x-intersect.margin.-50%.0%.-50%.0%=\"serviceBuckets = true\">\n\n\t\t\t<div class=\"carousel-container\">\n\t\t\t<!-- Slider main container -->\n\t\t\t<div class=\"swiper carousel-swiper\">\n\t\t\t\t<!-- Additional required wrapper -->\n\t\t\t\t<div class=\"swiper-wrapper carousel-swiper-wrapper\">\n\t\t\t\t\t<!-- Slides -->\n\t\t\t\t\t\t\t\t\t\t\t\t\t\t\t\t<div class=\"swiper-slide carousel-swiper-slide\" :class=\"serviceBuckets ? 'visible transition' : 'invisible'\" style='animation-duration:300ms'>\n\t\t\t\t\t\t\t<figure>\n\t\t\t\t\t\t\t\t <img decoding=\"async\" src=\"https:\/\/sequencemarketing.ca\/app\/uploads\/2024\/08\/strategy-bucket-1.jpg\"> \t\t\t\t\t\t\t\t<figcaption class=\"content\">\n\t\t\t\t\t\t\t\t\t<p>Assurez le succ\u00e8s de votre entreprise avec nos strat\u00e9gies <\/p>\n\t\t\t\t\t\t\t\t\t<h3>Strat\u00e9gie<\/h3>\n\t\t\t\t\t\t\t\t<\/figcaption>\n\t\t\t\t\t\t\t<\/figure>\n\t\t\t\t\t\t<\/div>\n\t\t\t\t\t\t\t\t\t\t\t\t\t\t\t\t\t<div class=\"swiper-slide carousel-swiper-slide\" :class=\"serviceBuckets ? 'visible transition' : 'invisible'\" style='animation-duration:600ms'>\n\t\t\t\t\t\t\t<figure>\n\t\t\t\t\t\t\t\t <img decoding=\"async\" src=\"https:\/\/sequencemarketing.ca\/app\/uploads\/2024\/08\/branding-bucket.jpg\"> \t\t\t\t\t\t\t\t<figcaption class=\"content\">\n\t\t\t\t\t\t\t\t\t<p>Cr\u00e9ez une impression durable qui inspire fid\u00e9lit\u00e9 et confiance.<\/p>\n\t\t\t\t\t\t\t\t\t<h3>Branding &#038; Identit\u00e9<\/h3>\n\t\t\t\t\t\t\t\t<\/figcaption>\n\t\t\t\t\t\t\t<\/figure>\n\t\t\t\t\t\t<\/div>\n\t\t\t\t\t\t\t\t\t\t\t\t\t\t\t\t\t<div class=\"swiper-slide carousel-swiper-slide\" :class=\"serviceBuckets ? 'visible transition' : 'invisible'\" style='animation-duration:900ms'>\n\t\t\t\t\t\t\t<figure>\n\t\t\t\t\t\t\t\t <img decoding=\"async\" src=\"https:\/\/sequencemarketing.ca\/app\/uploads\/2024\/08\/web-bucket.jpg\"> \t\t\t\t\t\t\t\t<figcaption class=\"content\">\n\t\t\t\t\t\t\t\t\t<p>De la conception au lancement, nous vous guidons \u00e0 chaque \u00e9tape.<\/p>\n\t\t\t\t\t\t\t\t\t<h3>Conception Web<\/h3>\n\t\t\t\t\t\t\t\t<\/figcaption>\n\t\t\t\t\t\t\t<\/figure>\n\t\t\t\t\t\t<\/div>\n\t\t\t\t\t\t\t\t\t\t\t\t\t\t\t\t\t<div class=\"swiper-slide carousel-swiper-slide\" :class=\"serviceBuckets ? 'visible transition' : 'invisible'\" style='animation-duration:1200ms'>\n\t\t\t\t\t\t\t<figure>\n\t\t\t\t\t\t\t\t <img decoding=\"async\" src=\"https:\/\/sequencemarketing.ca\/app\/uploads\/2024\/08\/copywriting-bucket-1.jpg\"> \t\t\t\t\t\t\t\t<figcaption class=\"content\">\n\t\t\t\t\t\t\t\t\t<p>C&#8217;est comme ChatGPT sauf \u00e9crit par des humains donc meilleur.<\/p>\n\t\t\t\t\t\t\t\t\t<h3>R\u00e9daction<\/h3>\n\t\t\t\t\t\t\t\t<\/figcaption>\n\t\t\t\t\t\t\t<\/figure>\n\t\t\t\t\t\t<\/div>\n\t\t\t\t\t\t\t\t\t\t\t\t\t\t\t\t\t<div class=\"swiper-slide carousel-swiper-slide\" :class=\"serviceBuckets ? 'visible transition' : 'invisible'\" style='animation-duration:1500ms'>\n\t\t\t\t\t\t\t<figure>\n\t\t\t\t\t\t\t\t <img decoding=\"async\" src=\"https:\/\/sequencemarketing.ca\/app\/uploads\/2024\/08\/graphicdesign-bucket.jpg\"> \t\t\t\t\t\t\t\t<figcaption class=\"content\">\n\t\t\t\t\t\t\t\t\t<p>L&#8217;art qui raconte des histoires, fait la promotion, am\u00e9liore et captive.<\/p>\n\t\t\t\t\t\t\t\t\t<h3>Design<\/h3>\n\t\t\t\t\t\t\t\t<\/figcaption>\n\t\t\t\t\t\t\t<\/figure>\n\t\t\t\t\t\t<\/div>\n\t\t\t\t\t\t\t\t\t\t\t\t\t\t\t\t\t<div class=\"swiper-slide carousel-swiper-slide\" :class=\"serviceBuckets ? 'visible transition' : 'invisible'\" style='animation-duration:1800ms'>\n\t\t\t\t\t\t\t<figure>\n\t\t\t\t\t\t\t\t <img decoding=\"async\" src=\"https:\/\/sequencemarketing.ca\/app\/uploads\/2024\/08\/digital-bucket.jpg\"> \t\t\t\t\t\t\t\t<figcaption class=\"content\">\n\t\t\t\t\t\t\t\t\t<p>Notre \u00e9quipe est certifi\u00e9e Google, Meta et LinkedIn.<\/p>\n\t\t\t\t\t\t\t\t\t<h3>Marketing digital<\/h3>\n\t\t\t\t\t\t\t\t<\/figcaption>\n\t\t\t\t\t\t\t<\/figure>\n\t\t\t\t\t\t<\/div>\n\t\t\t\t\t\t\t\t\t\t\t\t\t\t\t\t\t<div class=\"swiper-slide carousel-swiper-slide\" :class=\"serviceBuckets ? 'visible transition' : 'invisible'\" style='animation-duration:2100ms'>\n\t\t\t\t\t\t\t<figure>\n\t\t\t\t\t\t\t\t <img decoding=\"async\" src=\"https:\/\/sequencemarketing.ca\/app\/uploads\/2024\/08\/social-bucket.jpg\"> \t\t\t\t\t\t\t\t<figcaption class=\"content\">\n\t\t\t\t\t\t\t\t\t<p>Prenez soin de nos r\u00e9seaux sociaux! disent tous nos clients.<\/p>\n\t\t\t\t\t\t\t\t\t<h3>M\u00e9dias sociaux<\/h3>\n\t\t\t\t\t\t\t\t<\/figcaption>\n\t\t\t\t\t\t\t<\/figure>\n\t\t\t\t\t\t<\/div>\n\t\t\t\t\t\t\t\t\t\t\t\t\t\t\t\t\t<div class=\"swiper-slide carousel-swiper-slide\" :class=\"serviceBuckets ? 'visible transition' : 'invisible'\" style='animation-duration:2400ms'>\n\t\t\t\t\t\t\t<figure>\n\t\t\t\t\t\t\t\t <img decoding=\"async\" src=\"https:\/\/sequencemarketing.ca\/app\/uploads\/2024\/08\/email-bucket.jpg\"> \t\t\t\t\t\t\t\t<figcaption class=\"content\">\n\t\t\t\t\t\t\t\t\t<p>C&#8217;est comme avoir sa propre \u00e9mission de radio. <\/p>\n\t\t\t\t\t\t\t\t\t<h3>Base de donn\u00e9es<\/h3>\n\t\t\t\t\t\t\t\t<\/figcaption>\n\t\t\t\t\t\t\t<\/figure>\n\t\t\t\t\t\t<\/div>\n\t\t\t\t\t\t\t\t\t\t\t\t\t\t\t\t\t<div class=\"swiper-slide carousel-swiper-slide\" :class=\"serviceBuckets ? 'visible transition' : 'invisible'\" style='animation-duration:2700ms'>\n\t\t\t\t\t\t\t<figure>\n\t\t\t\t\t\t\t\t <img decoding=\"async\" src=\"https:\/\/sequencemarketing.ca\/app\/uploads\/2024\/08\/seo-bucket.jpg\"> \t\t\t\t\t\t\t\t<figcaption class=\"content\">\n\t\t\t\t\t\t\t\t\t<p>Soyez pertinent aux yeux des moteurs de recherche.<\/p>\n\t\t\t\t\t\t\t\t\t<h3>SEO<\/h3>\n\t\t\t\t\t\t\t\t<\/figcaption>\n\t\t\t\t\t\t\t<\/figure>\n\t\t\t\t\t\t<\/div>\n\t\t\t\t\t\t\t\t\t\t\t\t\t\t\t\t\t<div class=\"swiper-slide carousel-swiper-slide\" :class=\"serviceBuckets ? 'visible transition' : 'invisible'\" style='animation-duration:3000ms'>\n\t\t\t\t\t\t\t<figure>\n\t\t\t\t\t\t\t\t <img decoding=\"async\" src=\"https:\/\/sequencemarketing.ca\/app\/uploads\/2024\/08\/kpi-buckety.jpg\"> \t\t\t\t\t\t\t\t<figcaption class=\"content\">\n\t\t\t\t\t\t\t\t\t<p>Surveiller les indicateurs cl\u00e9s pour assurer une performance optimale. <\/p>\n\t\t\t\t\t\t\t\t\t<h3>Analyse &#038; KPI<\/h3>\n\t\t\t\t\t\t\t\t<\/figcaption>\n\t\t\t\t\t\t\t<\/figure>\n\t\t\t\t\t\t<\/div>\n\t\t\t\t\t\t\t\t\t\t\t\t\t\t\t\t\t<div class=\"swiper-slide carousel-swiper-slide\" :class=\"serviceBuckets ? 'visible transition' : 'invisible'\" style='animation-duration:3300ms'>\n\t\t\t\t\t\t\t<figure>\n\t\t\t\t\t\t\t\t <img decoding=\"async\" src=\"https:\/\/sequencemarketing.ca\/app\/uploads\/2024\/08\/reputation-bucket.jpg\"> \t\t\t\t\t\t\t\t<figcaption class=\"content\">\n\t\t\t\t\t\t\t\t\t<p>G\u00e9rer l&#8217;image pour renforcer confiance et positivit\u00e9.<\/p>\n\t\t\t\t\t\t\t\t\t<h3>Gestion de r\u00e9putation<\/h3>\n\t\t\t\t\t\t\t\t<\/figcaption>\n\t\t\t\t\t\t\t<\/figure>\n\t\t\t\t\t\t<\/div>\n\t\t\t\t\t\t\t\t\t\t\t\n\t\t\t\t<\/div>\n\t\t\t<\/div>\n\t\t<\/div>\n\t\n<\/section>\n\n\r\n<style>\r\n    #text-3576a3 p {\r\n        width: 100%;\r\n    }\r\n\r\n    #text-3576a3 .header {\r\n        width: 100%;\r\n    }\r\n\r\n    @media (min-width: 1024px) {\r\n        #text-3576a3 p {\r\n            width: 52%;\r\n        }\r\n        \r\n        #text-3576a3 .header {\r\n            width: 44%;\r\n        }\r\n    }\r\n<\/style>\r\n<section id=\"methode\"  >\r\n    <div id=\"text-3576a3\" class=\"section_intro section_intro__left container\">\r\n                    <div class=\"header\">\r\n                <h2><span class=\"subheader\">M\u00e9thode de travail<\/span>\u00c0 <span class=\"blue\">votre service.<\/span><\/h2>\n            <\/div>\r\n            <p  > Chez S\u00e9quence Marketing, nous d\u00e9passons les attentes en soutenant votre succ\u00e8s avec un service client exemplaire et une qu\u00eate constante de l&#8217;innovation marketing. Notre engagement envers l&#8217;excellence assure que chaque interaction avec nous est soigneusement pens\u00e9e pour valoriser votre marque et obtenir des r\u00e9sultats percutants.<\/p>\r\n            <\/div>\r\n<\/section>\n\n\r\n<section class=\"arrow_buckets container\" x-data=\"{ arrowBuckets: false }\" x-intersect.margin.-45%.0%.-45%.0%=\"arrowBuckets = true\">\r\n\r\n                            <figure  :class=\"arrowBuckets ? 'visible transition' : 'invisible'\" style='animation-duration:300ms'>\r\n            <h3><span class=\"blue\">1.<\/span> Collaboration<\/h3>\r\n            <figcaption>\r\n                <p>Chez S\u00e9quence Marketing, la collaboration est au c\u0153ur de notre approche. Nous valorisons la synergie entre notre \u00e9quipe et nos clients pour d\u00e9velopper des solutions innovantes qui conduisent au succ\u00e8s. Ensemble, nous sommes non seulement des partenaires, mais une force dynamique propulsant votre entreprise vers l&#8217;avenir.<\/p>\r\n            <\/figcaption>\r\n        <\/figure>\r\n                        <figure  class=\"reverse\"  :class=\"arrowBuckets ? 'visible transition' : 'invisible'\" style='animation-duration:600ms'>\r\n            <h3><span class=\"blue\">2.<\/span> Curiosit\u00e9 pour stimuler la cr\u00e9ativit\u00e9<\/h3>\r\n            <figcaption>\r\n                <p>La curiosit\u00e9 est notre boussole, nous guidant vers de nouveaux horizons et nous permettant de d\u00e9couvrir des perspectives in\u00e9dites. Anim\u00e9s par cette curiosit\u00e9, nous transformons des id\u00e9es novatrices en strat\u00e9gies percutantes qui garantissent des r\u00e9sultats.<\/p>\r\n            <\/figcaption>\r\n        <\/figure>\r\n                        <figure  :class=\"arrowBuckets ? 'visible transition' : 'invisible'\" style='animation-duration:900ms'>\r\n            <h3><span class=\"blue\">3.<\/span> L\u2019int\u00e9grit\u00e9<\/h3>\r\n            <figcaption>\r\n                <p>L&#8217;int\u00e9grit\u00e9 guide chacune de nos actions. Nous assumons la responsabilit\u00e9 de nos engagements, assurant transparence et d\u00e9passant vos attentes \u00e0 chaque \u00e9tape pour assurer votre succ\u00e8s.<\/p>\r\n            <\/figcaption>\r\n        <\/figure>\r\n                    \r\n<\/section>\n\n\r\n<style>\r\n    #text-450d85 p {\r\n        width: 100%;\r\n    }\r\n\r\n    #text-450d85 .header {\r\n        width: 100%;\r\n    }\r\n\r\n    @media (min-width: 1024px) {\r\n        #text-450d85 p {\r\n            width: 100%;\r\n        }\r\n        \r\n        #text-450d85 .header {\r\n            width: 100%;\r\n        }\r\n    }\r\n<\/style>\r\n<section id=\"projets\"  >\r\n    <div id=\"text-450d85\" class=\"section_intro section_intro__centre container\">\r\n                    <div class=\"header\">\r\n                <h2><span class=\"subheader\">Nos projets<\/span><span class=\"blue\">Ambitieux <\/span> vers <span class=\"blue\">l&#8217;excellence.<\/span><\/h2>\n            <\/div>\r\n            <p  > Au cours des deux derni\u00e8res d\u00e9cennies, notre \u00e9quipe s&#8217;est illustr\u00e9e par son travail exceptionnel et efficace. Forte d&#8217;une riche exp\u00e9rience et anim\u00e9e par un engagement ind\u00e9fectible envers l&#8217;excellence, nous avons non seulement surpass\u00e9 les attentes, mais \u00e9galement re\u00e7u les \u00e9loges de clients provenant de divers secteurs. Notre d\u00e9vouement \u00e0 l&#8217;innovation et \u00e0 la qualit\u00e9 se refl\u00e8te dans chaque projet que nous entreprenons, t\u00e9moignant de notre passion et de notre d\u00e9termination au succ\u00e8s.<\/p>\r\n            <\/div>\r\n<\/section>\n\n\r\n<section class=\"work_gallery container\" x-data=\"{ workGallery: false, imgBefore: false, imgAfter: false }\" x-intersect.margin.-40%.0%.-40%.0%=\"workGallery = true\">\r\n<img decoding=\"async\" class=\"before\" src=\"https:\/\/sequencemarketing.ca\/app\/themes\/sequencemarketing\/Assets\/images\/sequence_e_blue.svg\" :class=\"imgBefore ? 'visible transition' : 'invisible'\" x-intersect.margin.-40%.0%.-40%.0%=\"imgBefore = true\">\r\n                    \r\n        <figure  :class=\"workGallery ? 'visible transition' : 'invisible'\" style='animation-duration:300ms'>\r\n            <div class=\"image\">\r\n                                <img decoding=\"async\" src=\"https:\/\/sequencemarketing.ca\/app\/uploads\/2024\/08\/azure-social.jpg\">\r\n                            <\/div>\r\n            <figcaption class=\"content\">\r\n                <h3>M\u00e9dias sociaux<\/p>\r\n                <h4><\/h3>\r\n            <\/figcaption>\r\n        <\/figure>\r\n                \r\n        <figure  :class=\"workGallery ? 'visible transition' : 'invisible'\" style='animation-duration:600ms'>\r\n            <div class=\"image\">\r\n                                <img decoding=\"async\" src=\"https:\/\/sequencemarketing.ca\/app\/uploads\/2024\/08\/billboards-lapensee-copy-1.jpg\">\r\n                            <\/div>\r\n            <figcaption class=\"content\">\r\n                <h3>Affichage<\/p>\r\n                <h4><\/h3>\r\n            <\/figcaption>\r\n        <\/figure>\r\n                \r\n        <figure  :class=\"workGallery ? 'visible transition' : 'invisible'\" style='animation-duration:900ms'>\r\n            <div class=\"image\">\r\n                                <img decoding=\"async\" src=\"https:\/\/sequencemarketing.ca\/app\/uploads\/2024\/08\/piicomm_lbj.jpg\">\r\n                            <\/div>\r\n            <figcaption class=\"content\">\r\n                <h3>Design Web<\/p>\r\n                <h4><\/h3>\r\n            <\/figcaption>\r\n        <\/figure>\r\n                \r\n        <figure  :class=\"workGallery ? 'visible transition' : 'invisible'\" style='animation-duration:1200ms'>\r\n            <div class=\"image\">\r\n                                <img decoding=\"async\" src=\"https:\/\/sequencemarketing.ca\/app\/uploads\/2024\/08\/booklet-lexus-copy-2.jpg\">\r\n                            <\/div>\r\n            <figcaption class=\"content\">\r\n                <h3>Impression<\/p>\r\n                <h4><\/h3>\r\n            <\/figcaption>\r\n        <\/figure>\r\n                \r\n        <figure  :class=\"workGallery ? 'visible transition' : 'invisible'\" style='animation-duration:1500ms'>\r\n            <div class=\"image\">\r\n                                <img decoding=\"async\" src=\"https:\/\/sequencemarketing.ca\/app\/uploads\/2024\/08\/bushtukah-front.jpg\">\r\n                            <\/div>\r\n            <figcaption class=\"content\">\r\n                <h3>Signalisation<\/p>\r\n                <h4><\/h3>\r\n            <\/figcaption>\r\n        <\/figure>\r\n                \r\n        <figure  :class=\"workGallery ? 'visible transition' : 'invisible'\" style='animation-duration:1800ms'>\r\n            <div class=\"image\">\r\n                                <img decoding=\"async\" src=\"https:\/\/sequencemarketing.ca\/app\/uploads\/2024\/08\/labinerie-mockups-copy-3.jpg\">\r\n                            <\/div>\r\n            <figcaption class=\"content\">\r\n                <h3>Emballage<\/p>\r\n                <h4><\/h3>\r\n            <\/figcaption>\r\n        <\/figure>\r\n                        <img decoding=\"async\" class=\"after\" src=\"https:\/\/sequencemarketing.ca\/app\/themes\/sequencemarketing\/Assets\/images\/sequence_e_blue.svg\" :class=\"imgAfter ? 'visible reverse-transition' : 'invisible'\" x-intersect=\"imgAfter = true\">\r\n<\/section>\n\n\r\n<style>\r\n    #text-907da5 p {\r\n        width: 100%;\r\n    }\r\n\r\n    #text-907da5 .header {\r\n        width: 100%;\r\n    }\r\n\r\n    @media (min-width: 1024px) {\r\n        #text-907da5 p {\r\n            width: 49%;\r\n        }\r\n        \r\n        #text-907da5 .header {\r\n            width: 35%;\r\n        }\r\n    }\r\n<\/style>\r\n<section id=\"equipe\"  >\r\n    <div id=\"text-907da5\" class=\"section_intro section_intro__left container\">\r\n                    <div class=\"header\">\r\n                <h2><span class=\"subheader\">Notre \u00e9quipe<\/span>L&#8217;\u00e9quipe  <span class=\"blue\">\u00e0 cloner sans h\u00e9sitation.<\/span><\/h2>\n            <\/div>\r\n            <p  > L&#8217;\u00e9quipe de S\u00e9quence Marketing est une concentration de talents diversifi\u00e9s, de d\u00e9vouement et d&#8217;expertise. Gr\u00e2ce \u00e0 une collaboration harmonieuse et \u00e0 des comp\u00e9tences vari\u00e9es, nous obtenons des r\u00e9sultats exceptionnels pour nos clients. Notre esprit innovant et notre engagement absolu font de nous un partenaire incontournable pour votre \u00e9quipe.<\/p>\r\n            <\/div>\r\n<\/section>\n\n\r\n<section  class=\"team_members container\" x-data=\"{ teamMembers: false }\" x-intersect.margin.-50%.0%.-50%.0%=\"teamMembers = true\">\r\n\r\n                            <figure class=\"content\" :class=\"teamMembers ? 'visible transition' : 'invisible'\" style=animation-duration:300ms>\r\n            <figcaption>\r\n                <h3 class=\"name\">John Bishop<\/h3>\r\n                <p class=\"title\">Directeur d&#8217;agence<\/p>\r\n                <p class=\"description\">John Bishop est le copropri\u00e9taire et directeur d&#8217;agence de S\u00e9quence Marketing. Avec une carri\u00e8re remarqu\u00e9e dans l&#8217;industrie de la radio, John a progress\u00e9 jusqu&#8217;\u00e0 devenir directeur des ventes de plusieurs stations de renom chez Rogers. Apr\u00e8s 16 ans dans ce domaine, il a anticip\u00e9 les bouleversements \u00e0 venir dans le paysage m\u00e9diatique et a cofond\u00e9 sa premi\u00e8re agence de marketing en 2005. John est reconnu pour son approche franche et honn\u00eate des affaires, combin\u00e9e \u00e0 une \u00e9thique de travail irr\u00e9prochable. Ses perspectives strat\u00e9giques en marketing et son engagement ont jou\u00e9 un r\u00f4le cl\u00e9 dans la croissance de nombreuses entreprises. Sa philosophie se r\u00e9sume ainsi : &#8220;Votre succ\u00e8s est notre succ\u00e8s.&#8221;<\/p>\r\n            <\/figcaption>\r\n            <div class=\"image\">\r\n                 <img decoding=\"async\" class=\"member\" src=\"https:\/\/sequencemarketing.ca\/app\/uploads\/2024\/08\/profile_john_bishop.png\">                 <img decoding=\"async\" class=\"letter\" src=\"https:\/\/sequencemarketing.ca\/app\/themes\/sequencemarketing\/Assets\/images\/sequence_e_blue_outline.svg\" :class=\"imgAfter ? 'visible transition' : 'invisible'\" x-intersect=\"imgAfter = true\">\r\n            <\/div>\r\n        <\/figure>\r\n                        <figure class=\"content\" :class=\"teamMembers ? 'visible transition' : 'invisible'\" style=animation-duration:600ms>\r\n            <figcaption>\r\n                <h3 class=\"name\">V\u00e9ronique Soucy<\/h3>\r\n                <p class=\"title\">Directrice d&#8217;agence<\/p>\r\n                <p class=\"description\">V\u00e9ronique Soucy est la copropri\u00e9taire et directrice d&#8217;agence chez S\u00e9quence Marketing. Avec plus de 20 ans d&#8217;exp\u00e9rience dans l&#8217;industrie m\u00e9diatique de la r\u00e9gion de la capitale nationale, elle a \u00e9tudi\u00e9 \u00e0 New York et d\u00e9tient un baccalaur\u00e9at en communications de l&#8217;Universit\u00e9 d&#8217;Ottawa. Sa carri\u00e8re vari\u00e9e inclut des postes chez Rogers, Astral Media et Radio-Canada\/CBC. Reconnue pour son discernement strat\u00e9gique et son expertise en marketing, V\u00e9ronique excelle \u00e0 \u00e9laborer des solutions innovantes qui m\u00e8nent au succ\u00e8s. Surmonter les d\u00e9fis et accomplir l&#8217;impossible demeurent ses principales motivations.<\/p>\r\n            <\/figcaption>\r\n            <div class=\"image\">\r\n                 <img decoding=\"async\" class=\"member\" src=\"https:\/\/sequencemarketing.ca\/app\/uploads\/2024\/06\/vero.png\">                 <img decoding=\"async\" class=\"letter\" src=\"https:\/\/sequencemarketing.ca\/app\/themes\/sequencemarketing\/Assets\/images\/sequence_e_blue_outline.svg\" :class=\"imgAfter ? 'visible transition' : 'invisible'\" x-intersect=\"imgAfter = true\">\r\n            <\/div>\r\n        <\/figure>\r\n                    \r\n<\/section>\n\n\r\n<section class=\"team_gallery container\" x-data=\"{ teamGallery: false, imgBefore: false, imgAfter: false }\" x-intersect.margin.-40%.0%.-40%.0%=\"teamGallery = true\">\r\n<img decoding=\"async\" class=\"before\" src=\"https:\/\/sequencemarketing.ca\/app\/themes\/sequencemarketing\/Assets\/images\/sequence_e_blue.svg\" :class=\"imgBefore ? 'visible transition' : 'invisible'\" x-intersect.margin.-40%.0%.-40%.0%=\"imgBefore = true\">\r\n        <div class=\"gallery\" :class=\"teamGallery ? 'visible transition' : 'invisible'\" style=\"animation-duration:300ms\">\r\n                <div class=\"image image1\" :class=\"teamGallery ? 'visible transition' : 'invisible'\" style='animation-duration:300ms'>\r\n             <img decoding=\"async\" src=\"https:\/\/sequencemarketing.ca\/app\/uploads\/2024\/08\/team-1.jpg\">         <\/div>\r\n                <div class=\"image image2\" :class=\"teamGallery ? 'visible transition' : 'invisible'\" style='animation-duration:600ms'>\r\n             <img decoding=\"async\" src=\"https:\/\/sequencemarketing.ca\/app\/uploads\/2024\/08\/team-2.jpg\">         <\/div>\r\n                <div class=\"image image3\" :class=\"teamGallery ? 'visible transition' : 'invisible'\" style='animation-duration:900ms'>\r\n             <img decoding=\"async\" src=\"https:\/\/sequencemarketing.ca\/app\/uploads\/2024\/08\/team-3.jpg\">         <\/div>\r\n                <div class=\"image image4\" :class=\"teamGallery ? 'visible transition' : 'invisible'\" style='animation-duration:1200ms'>\r\n             <img decoding=\"async\" src=\"https:\/\/sequencemarketing.ca\/app\/uploads\/2024\/08\/Sequence-Laura-1.jpg\">         <\/div>\r\n                <div class=\"image image5\" :class=\"teamGallery ? 'visible transition' : 'invisible'\" style='animation-duration:1500ms'>\r\n             <img decoding=\"async\" src=\"https:\/\/sequencemarketing.ca\/app\/uploads\/2024\/08\/team-6-1.jpg\">         <\/div>\r\n                <div class=\"image image6\" :class=\"teamGallery ? 'visible transition' : 'invisible'\" style='animation-duration:1800ms'>\r\n             <img decoding=\"async\" src=\"https:\/\/sequencemarketing.ca\/app\/uploads\/2024\/08\/team-4.jpg\">         <\/div>\r\n                <\/div>\r\n        <img decoding=\"async\" class=\"after\" src=\"https:\/\/sequencemarketing.ca\/app\/themes\/sequencemarketing\/Assets\/images\/sequence_e_blue_outline.svg\" :class=\"imgAfter ? 'visible transition' : 'invisible'\" x-intersect=\"imgAfter = true\">\r\n<\/section>\n\n<section class=\"call_to_action container\" x-data=\"{ ctaBox: false }\" x-intersect.margin.-50px=\"ctaBox = true\">\r\n    <div class=\"cta-container\" :class=\"ctaBox ? 'visible transition' : 'invisible'\">\r\n        <div class=\"content\">\r\n            <h2>Maximisez votre potentiel avec nos solutions <span class=\"blue\"><br>marketing de pointe.<\/span><\/h2>\r\n            <a class=\"cta\"  @click=\"$event.preventDefault(); isFormModalOpen = !isFormModalOpen; openMenu = false\"  >Collaborons<\/a>\r\n        <\/div>\r\n    <\/div>\r\n<\/section>","protected":false},"excerpt":{"rendered":"","protected":false},"author":1,"featured_media":0,"parent":0,"menu_order":0,"comment_status":"closed","ping_status":"closed","template":"","meta":{"_acf_changed":false,"footnotes":""},"class_list":["post-175","page","type-page","status-publish","hentry"],"acf":[],"_links":{"self":[{"href":"https:\/\/sequencemarketing.ca\/fr\/wp-json\/wp\/v2\/pages\/175"}],"collection":[{"href":"https:\/\/sequencemarketing.ca\/fr\/wp-json\/wp\/v2\/pages"}],"about":[{"href":"https:\/\/sequencemarketing.ca\/fr\/wp-json\/wp\/v2\/types\/page"}],"author":[{"embeddable":true,"href":"https:\/\/sequencemarketing.ca\/fr\/wp-json\/wp\/v2\/users\/1"}],"replies":[{"embeddable":true,"href":"https:\/\/sequencemarketing.ca\/fr\/wp-json\/wp\/v2\/comments?post=175"}],"version-history":[{"count":5,"href":"https:\/\/sequencemarketing.ca\/fr\/wp-json\/wp\/v2\/pages\/175\/revisions"}],"predecessor-version":[{"id":542,"href":"https:\/\/sequencemarketing.ca\/fr\/wp-json\/wp\/v2\/pages\/175\/revisions\/542"}],"wp:attachment":[{"href":"https:\/\/sequencemarketing.ca\/fr\/wp-json\/wp\/v2\/media?parent=175"}],"curies":[{"name":"wp","href":"https:\/\/api.w.org\/{rel}","templated":true}]}}